{"id":1494,"date":"2018-03-26T12:05:15","date_gmt":"2018-03-26T10:05:15","guid":{"rendered":"https:\/\/www.malagne.be\/onze-activiteiten\/gallo-stages\/themes-2018\/"},"modified":"2018-06-27T20:36:44","modified_gmt":"2018-06-27T18:36:44","slug":"themas-2018","status":"publish","type":"page","link":"https:\/\/www.malagne.be\/nl\/onze-activiteiten\/gallo-stages\/themas-2018\/","title":{"rendered":"Thema&#8217;s 2018"},"content":{"rendered":"<h2>Zomervakantie 2 thema :<\/h2>\n<ul>\n<li>C\u00e9s&#8217;art in jij<\/li>\n<li>Ferm&#8217;idable<\/li>\n<\/ul>\n<h2>C\u00e9s&#8217;art in jij<\/h2>\n<p>Kom in Malagne om jij artistieke aanwinst te ontwikkelen!<\/p>\n<p>Ontdek deze week de verschillende creatieve werelden van onze Gallo-romeinse voorouders. Van moza\u00efek tot muziek, van fresco&#8217;s tot het theater, van aardewerk tot de gastonomie, zal je in de ogen van C\u00e9sar veel meer dan een leerling worden.<\/p>\n<h2>Ferm&#8217;idable<\/h2>\n<p>Doorbrengt een geweldig moment in Malagne met dieren van onze Gallo-romeinse boerderij. Maar\u2026welke rollen speelde onze vrienden haren en veren in de tijd van Gallo-romeinse? Schapen, paarden, ezels, ganzen, \u2026 al zullen op de afspraak deze zomer zijn om het te ontdekken.<\/p>\n<h2>Praktische informatie<\/h2>\n<ul>\n<li>Voor de kinderen van 4 tot 12 jaar<\/li>\n<li>De kinderen zijn in groepen van leeftijd verdeeld<\/li>\n<li>Een gratis kinderdagverblijf is van 8 tot 9 uur en van 16 tot 17 uur georganiseerd.<\/li>\n<\/ul>\n","protected":false},"excerpt":{"rendered":"<p>Zomervakantie 2 thema : C\u00e9s&#8217;art in jij Ferm&#8217;idable C\u00e9s&#8217;art in jij Kom in Malagne om jij artistieke aanwinst te ontwikkelen!&#8230;<\/p>\n","protected":false},"author":1,"featured_media":0,"parent":1490,"menu_order":0,"comment_status":"closed","ping_status":"closed","template":"","meta":{"_acf_changed":false,"footnotes":"","_links_to":"","_links_to_target":""},"class_list":["post-1494","page","type-page","status-publish","hentry"],"acf":[],"yoast_head":"<!-- This site is optimized with the Yoast SEO plugin v27.4 - https:\/\/yoast.com\/product\/yoast-seo-wordpress\/ -->\n<title>Thema&#039;s 2018 - Malagne - Arch\u00e9oparc de Rochefort<\/title>\n<meta name=\"robots\" content=\"index, follow, max-snippet:-1, max-image-preview:large, max-video-preview:-1\" \/>\n<link rel=\"canonical\" href=\"https:\/\/www.malagne.be\/nl\/onze-activiteiten\/gallo-stages\/themas-2018\/\" \/>\n<meta property=\"og:locale\" content=\"nl_NL\" \/>\n<meta property=\"og:type\" content=\"article\" \/>\n<meta property=\"og:title\" content=\"Thema&#039;s 2018 - Malagne - Arch\u00e9oparc de Rochefort\" \/>\n<meta property=\"og:description\" content=\"Zomervakantie 2 thema : C\u00e9s&#8217;art in jij Ferm&#8217;idable C\u00e9s&#8217;art in jij Kom in Malagne om jij artistieke aanwinst te ontwikkelen!...\" \/>\n<meta property=\"og:url\" content=\"https:\/\/www.malagne.be\/nl\/onze-activiteiten\/gallo-stages\/themas-2018\/\" \/>\n<meta property=\"og:site_name\" content=\"Malagne - Arch\u00e9oparc de Rochefort\" \/>\n<meta property=\"article:publisher\" content=\"https:\/\/www.facebook.com\/malagne?locale=fr_FR\" \/>\n<meta property=\"article:modified_time\" content=\"2018-06-27T18:36:44+00:00\" \/>\n<meta property=\"og:image\" content=\"https:\/\/www.malagne.be\/wp-content\/uploads\/2018\/06\/malagne-logo-thumb.png\" \/>\n\t<meta property=\"og:image:width\" content=\"200\" \/>\n\t<meta property=\"og:image:height\" content=\"58\" \/>\n\t<meta property=\"og:image:type\" content=\"image\/png\" \/>\n<meta name=\"twitter:card\" content=\"summary_large_image\" \/>\n<meta name=\"twitter:label1\" content=\"Geschatte leestijd\" \/>\n\t<meta name=\"twitter:data1\" content=\"1 minuut\" \/>\n<script type=\"application\/ld+json\" class=\"yoast-schema-graph\">{\"@context\":\"https:\\\/\\\/schema.org\",\"@graph\":[{\"@type\":\"WebPage\",\"@id\":\"https:\\\/\\\/www.malagne.be\\\/nl\\\/onze-activiteiten\\\/gallo-stages\\\/themas-2018\\\/\",\"url\":\"https:\\\/\\\/www.malagne.be\\\/nl\\\/onze-activiteiten\\\/gallo-stages\\\/themas-2018\\\/\",\"name\":\"Thema's 2018 - Malagne - Arch\u00e9oparc de Rochefort\",\"isPartOf\":{\"@id\":\"https:\\\/\\\/www.malagne.be\\\/#website\"},\"datePublished\":\"2018-03-26T10:05:15+00:00\",\"dateModified\":\"2018-06-27T18:36:44+00:00\",\"breadcrumb\":{\"@id\":\"https:\\\/\\\/www.malagne.be\\\/nl\\\/onze-activiteiten\\\/gallo-stages\\\/themas-2018\\\/#breadcrumb\"},\"inLanguage\":\"nl-NL\",\"potentialAction\":[{\"@type\":\"ReadAction\",\"target\":[\"https:\\\/\\\/www.malagne.be\\\/nl\\\/onze-activiteiten\\\/gallo-stages\\\/themas-2018\\\/\"]}]},{\"@type\":\"BreadcrumbList\",\"@id\":\"https:\\\/\\\/www.malagne.be\\\/nl\\\/onze-activiteiten\\\/gallo-stages\\\/themas-2018\\\/#breadcrumb\",\"itemListElement\":[{\"@type\":\"ListItem\",\"position\":1,\"name\":\"Home\",\"item\":\"https:\\\/\\\/www.malagne.be\\\/nl\\\/accueil\\\/\"},{\"@type\":\"ListItem\",\"position\":2,\"name\":\"Onze activiteiten\",\"item\":\"https:\\\/\\\/www.malagne.be\\\/nl\\\/onze-activiteiten\\\/\"},{\"@type\":\"ListItem\",\"position\":3,\"name\":\"Gallo-Stages\",\"item\":\"https:\\\/\\\/www.malagne.be\\\/nl\\\/onze-activiteiten\\\/gallo-stages\\\/\"},{\"@type\":\"ListItem\",\"position\":4,\"name\":\"Thema&rsquo;s 2018\"}]},{\"@type\":\"WebSite\",\"@id\":\"https:\\\/\\\/www.malagne.be\\\/#website\",\"url\":\"https:\\\/\\\/www.malagne.be\\\/\",\"name\":\"Malagne - Arch\u00e9oparc de Rochefort\",\"description\":\"&quot;Malagne, arch\u00e9oparc gallo-romain, parc d\u2019attraction arch\u00e9ologique, site de loisirs, de balade et de culture, mus\u00e9e vivant en plein air.\",\"publisher\":{\"@id\":\"https:\\\/\\\/www.malagne.be\\\/#organization\"},\"potentialAction\":[{\"@type\":\"SearchAction\",\"target\":{\"@type\":\"EntryPoint\",\"urlTemplate\":\"https:\\\/\\\/www.malagne.be\\\/?s={search_term_string}\"},\"query-input\":{\"@type\":\"PropertyValueSpecification\",\"valueRequired\":true,\"valueName\":\"search_term_string\"}}],\"inLanguage\":\"nl-NL\"},{\"@type\":\"Organization\",\"@id\":\"https:\\\/\\\/www.malagne.be\\\/#organization\",\"name\":\"Malagne - Arch\u00e9oparc de Rochefort\",\"url\":\"https:\\\/\\\/www.malagne.be\\\/\",\"logo\":{\"@type\":\"ImageObject\",\"inLanguage\":\"nl-NL\",\"@id\":\"https:\\\/\\\/www.malagne.be\\\/#\\\/schema\\\/logo\\\/image\\\/\",\"url\":\"https:\\\/\\\/www.malagne.be\\\/wp-content\\\/uploads\\\/2018\\\/12\\\/malagne-logo-malagne.png\",\"contentUrl\":\"https:\\\/\\\/www.malagne.be\\\/wp-content\\\/uploads\\\/2018\\\/12\\\/malagne-logo-malagne.png\",\"width\":3686,\"height\":1078,\"caption\":\"Malagne - Arch\u00e9oparc de Rochefort\"},\"image\":{\"@id\":\"https:\\\/\\\/www.malagne.be\\\/#\\\/schema\\\/logo\\\/image\\\/\"},\"sameAs\":[\"https:\\\/\\\/www.facebook.com\\\/malagne?locale=fr_FR\",\"https:\\\/\\\/www.instagram.com\\\/malagnearcheoparcderochefort\\\/?hl=fr\"]}]}<\/script>\n<!-- \/ Yoast SEO plugin. -->","yoast_head_json":{"title":"Thema's 2018 - Malagne - Arch\u00e9oparc de Rochefort","robots":{"index":"index","follow":"follow","max-snippet":"max-snippet:-1","max-image-preview":"max-image-preview:large","max-video-preview":"max-video-preview:-1"},"canonical":"https:\/\/www.malagne.be\/nl\/onze-activiteiten\/gallo-stages\/themas-2018\/","og_locale":"nl_NL","og_type":"article","og_title":"Thema's 2018 - Malagne - Arch\u00e9oparc de Rochefort","og_description":"Zomervakantie 2 thema : C\u00e9s&#8217;art in jij Ferm&#8217;idable C\u00e9s&#8217;art in jij Kom in Malagne om jij artistieke aanwinst te ontwikkelen!...","og_url":"https:\/\/www.malagne.be\/nl\/onze-activiteiten\/gallo-stages\/themas-2018\/","og_site_name":"Malagne - Arch\u00e9oparc de Rochefort","article_publisher":"https:\/\/www.facebook.com\/malagne?locale=fr_FR","article_modified_time":"2018-06-27T18:36:44+00:00","og_image":[{"width":200,"height":58,"url":"https:\/\/www.malagne.be\/wp-content\/uploads\/2018\/06\/malagne-logo-thumb.png","type":"image\/png"}],"twitter_card":"summary_large_image","twitter_misc":{"Geschatte leestijd":"1 minuut"},"schema":{"@context":"https:\/\/schema.org","@graph":[{"@type":"WebPage","@id":"https:\/\/www.malagne.be\/nl\/onze-activiteiten\/gallo-stages\/themas-2018\/","url":"https:\/\/www.malagne.be\/nl\/onze-activiteiten\/gallo-stages\/themas-2018\/","name":"Thema's 2018 - Malagne - Arch\u00e9oparc de Rochefort","isPartOf":{"@id":"https:\/\/www.malagne.be\/#website"},"datePublished":"2018-03-26T10:05:15+00:00","dateModified":"2018-06-27T18:36:44+00:00","breadcrumb":{"@id":"https:\/\/www.malagne.be\/nl\/onze-activiteiten\/gallo-stages\/themas-2018\/#breadcrumb"},"inLanguage":"nl-NL","potentialAction":[{"@type":"ReadAction","target":["https:\/\/www.malagne.be\/nl\/onze-activiteiten\/gallo-stages\/themas-2018\/"]}]},{"@type":"BreadcrumbList","@id":"https:\/\/www.malagne.be\/nl\/onze-activiteiten\/gallo-stages\/themas-2018\/#breadcrumb","itemListElement":[{"@type":"ListItem","position":1,"name":"Home","item":"https:\/\/www.malagne.be\/nl\/accueil\/"},{"@type":"ListItem","position":2,"name":"Onze activiteiten","item":"https:\/\/www.malagne.be\/nl\/onze-activiteiten\/"},{"@type":"ListItem","position":3,"name":"Gallo-Stages","item":"https:\/\/www.malagne.be\/nl\/onze-activiteiten\/gallo-stages\/"},{"@type":"ListItem","position":4,"name":"Thema&rsquo;s 2018"}]},{"@type":"WebSite","@id":"https:\/\/www.malagne.be\/#website","url":"https:\/\/www.malagne.be\/","name":"Malagne - Arch\u00e9oparc de Rochefort","description":"&quot;Malagne, arch\u00e9oparc gallo-romain, parc d\u2019attraction arch\u00e9ologique, site de loisirs, de balade et de culture, mus\u00e9e vivant en plein air.","publisher":{"@id":"https:\/\/www.malagne.be\/#organization"},"potentialAction":[{"@type":"SearchAction","target":{"@type":"EntryPoint","urlTemplate":"https:\/\/www.malagne.be\/?s={search_term_string}"},"query-input":{"@type":"PropertyValueSpecification","valueRequired":true,"valueName":"search_term_string"}}],"inLanguage":"nl-NL"},{"@type":"Organization","@id":"https:\/\/www.malagne.be\/#organization","name":"Malagne - Arch\u00e9oparc de Rochefort","url":"https:\/\/www.malagne.be\/","logo":{"@type":"ImageObject","inLanguage":"nl-NL","@id":"https:\/\/www.malagne.be\/#\/schema\/logo\/image\/","url":"https:\/\/www.malagne.be\/wp-content\/uploads\/2018\/12\/malagne-logo-malagne.png","contentUrl":"https:\/\/www.malagne.be\/wp-content\/uploads\/2018\/12\/malagne-logo-malagne.png","width":3686,"height":1078,"caption":"Malagne - Arch\u00e9oparc de Rochefort"},"image":{"@id":"https:\/\/www.malagne.be\/#\/schema\/logo\/image\/"},"sameAs":["https:\/\/www.facebook.com\/malagne?locale=fr_FR","https:\/\/www.instagram.com\/malagnearcheoparcderochefort\/?hl=fr"]}]}},"_links":{"self":[{"href":"https:\/\/www.malagne.be\/nl\/wp-json\/wp\/v2\/pages\/1494","targetHints":{"allow":["GET"]}}],"collection":[{"href":"https:\/\/www.malagne.be\/nl\/wp-json\/wp\/v2\/pages"}],"about":[{"href":"https:\/\/www.malagne.be\/nl\/wp-json\/wp\/v2\/types\/page"}],"author":[{"embeddable":true,"href":"https:\/\/www.malagne.be\/nl\/wp-json\/wp\/v2\/users\/1"}],"replies":[{"embeddable":true,"href":"https:\/\/www.malagne.be\/nl\/wp-json\/wp\/v2\/comments?post=1494"}],"version-history":[{"count":2,"href":"https:\/\/www.malagne.be\/nl\/wp-json\/wp\/v2\/pages\/1494\/revisions"}],"predecessor-version":[{"id":1933,"href":"https:\/\/www.malagne.be\/nl\/wp-json\/wp\/v2\/pages\/1494\/revisions\/1933"}],"up":[{"embeddable":true,"href":"https:\/\/www.malagne.be\/nl\/wp-json\/wp\/v2\/pages\/1490"}],"wp:attachment":[{"href":"https:\/\/www.malagne.be\/nl\/wp-json\/wp\/v2\/media?parent=1494"}],"curies":[{"name":"wp","href":"https:\/\/api.w.org\/{rel}","templated":true}]}}