{"id":960,"date":"2016-05-09T21:42:45","date_gmt":"2016-05-09T19:42:45","guid":{"rendered":"https:\/\/www.malagne.be\/accueil\/"},"modified":"2026-02-12T09:29:39","modified_gmt":"2026-02-12T08:29:39","slug":"accueil","status":"publish","type":"page","link":"https:\/\/www.malagne.be\/nl\/","title":{"rendered":"De gallo-romeinse belevenis"},"content":{"rendered":"<p>De globale visie van Malagne ontwikkelt zich rond 3 aspecten: <strong>Erfgoed \u2013 Natuur \u2013 Cultuur.<\/strong><\/p>\n<p style=\"text-align: center\">De beweegreden van onze actie wordt als volgt gemotiveerd :<\/p>\n<p style=\"text-align: center\"><strong>&#8220;Ons team behoudt, valoriseert en draagt, door middel van experimenten en met passie, ons Gallo-Romeins erfgoed en zijn natuurlijke domein over&#8221;.<\/strong><\/p>\n","protected":false},"excerpt":{"rendered":"<p>De globale visie van Malagne ontwikkelt zich rond 3 aspecten: Erfgoed \u2013 Natuur \u2013 Cultuur. De beweegreden van onze actie&#8230;<\/p>\n","protected":false},"author":1,"featured_media":7163,"parent":0,"menu_order":2,"comment_status":"closed","ping_status":"closed","template":"page-layout-home.php","meta":{"_acf_changed":false,"footnotes":"","_links_to":"","_links_to_target":""},"class_list":["post-960","page","type-page","status-publish","has-post-thumbnail","hentry"],"acf":[],"yoast_head":"<!-- This site is optimized with the Yoast SEO plugin v27.4 - https:\/\/yoast.com\/product\/yoast-seo-wordpress\/ -->\n<title>De gallo-romeinse belevenis - Malagne - Arch\u00e9oparc de Rochefort<\/title>\n<meta name=\"description\" content=\"Alinoa est un framework qui vaut le coup d&#039;oeil de part sa capacit\u00e9 \u00e0 bien faire les choses!\" \/>\n<meta name=\"robots\" content=\"index, follow, max-snippet:-1, max-image-preview:large, max-video-preview:-1\" \/>\n<link rel=\"canonical\" href=\"https:\/\/www.malagne.be\/nl\/accueil\/\" \/>\n<meta property=\"og:locale\" content=\"nl_NL\" \/>\n<meta property=\"og:type\" content=\"article\" \/>\n<meta property=\"og:title\" content=\"De gallo-romeinse belevenis - Malagne - Arch\u00e9oparc de Rochefort\" \/>\n<meta property=\"og:description\" content=\"Alinoa est un framework qui vaut le coup d&#039;oeil de part sa capacit\u00e9 \u00e0 bien faire les choses!\" \/>\n<meta property=\"og:url\" content=\"https:\/\/www.malagne.be\/nl\/accueil\/\" \/>\n<meta property=\"og:site_name\" content=\"Malagne - Arch\u00e9oparc de Rochefort\" \/>\n<meta property=\"article:publisher\" content=\"https:\/\/www.facebook.com\/malagne?locale=fr_FR\" \/>\n<meta property=\"article:modified_time\" content=\"2026-02-12T08:29:39+00:00\" \/>\n<meta property=\"og:image\" content=\"https:\/\/www.malagne.be\/wp-content\/uploads\/2018\/06\/malagne-logo-thumb.png\" \/>\n<meta name=\"twitter:card\" content=\"summary_large_image\" \/>\n<script type=\"application\/ld+json\" class=\"yoast-schema-graph\">{\"@context\":\"https:\\\/\\\/schema.org\",\"@graph\":[{\"@type\":\"WebPage\",\"@id\":\"https:\\\/\\\/www.malagne.be\\\/nl\\\/accueil\\\/\",\"url\":\"https:\\\/\\\/www.malagne.be\\\/nl\\\/accueil\\\/\",\"name\":\"De gallo-romeinse belevenis - Malagne - Arch\u00e9oparc de Rochefort\",\"isPartOf\":{\"@id\":\"https:\\\/\\\/www.malagne.be\\\/#website\"},\"primaryImageOfPage\":{\"@id\":\"https:\\\/\\\/www.malagne.be\\\/nl\\\/accueil\\\/#primaryimage\"},\"image\":{\"@id\":\"https:\\\/\\\/www.malagne.be\\\/nl\\\/accueil\\\/#primaryimage\"},\"thumbnailUrl\":\"https:\\\/\\\/www.malagne.be\\\/wp-content\\\/uploads\\\/2026\\\/02\\\/malagne-panorama-2022.jpg\",\"datePublished\":\"2016-05-09T19:42:45+00:00\",\"dateModified\":\"2026-02-12T08:29:39+00:00\",\"description\":\"Alinoa est un framework qui vaut le coup d'oeil de part sa capacit\u00e9 \u00e0 bien faire les choses!\",\"breadcrumb\":{\"@id\":\"https:\\\/\\\/www.malagne.be\\\/nl\\\/accueil\\\/#breadcrumb\"},\"inLanguage\":\"nl-NL\",\"potentialAction\":[{\"@type\":\"ReadAction\",\"target\":[\"https:\\\/\\\/www.malagne.be\\\/nl\\\/accueil\\\/\"]}]},{\"@type\":\"ImageObject\",\"inLanguage\":\"nl-NL\",\"@id\":\"https:\\\/\\\/www.malagne.be\\\/nl\\\/accueil\\\/#primaryimage\",\"url\":\"https:\\\/\\\/www.malagne.be\\\/wp-content\\\/uploads\\\/2026\\\/02\\\/malagne-panorama-2022.jpg\",\"contentUrl\":\"https:\\\/\\\/www.malagne.be\\\/wp-content\\\/uploads\\\/2026\\\/02\\\/malagne-panorama-2022.jpg\",\"width\":1185,\"height\":290},{\"@type\":\"BreadcrumbList\",\"@id\":\"https:\\\/\\\/www.malagne.be\\\/nl\\\/accueil\\\/#breadcrumb\",\"itemListElement\":[{\"@type\":\"ListItem\",\"position\":1,\"name\":\"Home\",\"item\":\"https:\\\/\\\/www.malagne.be\\\/nl\\\/accueil\\\/\"},{\"@type\":\"ListItem\",\"position\":2,\"name\":\"De gallo-romeinse belevenis\"}]},{\"@type\":\"WebSite\",\"@id\":\"https:\\\/\\\/www.malagne.be\\\/#website\",\"url\":\"https:\\\/\\\/www.malagne.be\\\/\",\"name\":\"Malagne - Arch\u00e9oparc de Rochefort\",\"description\":\"&quot;Malagne, arch\u00e9oparc gallo-romain, parc d\u2019attraction arch\u00e9ologique, site de loisirs, de balade et de culture, mus\u00e9e vivant en plein air.\",\"publisher\":{\"@id\":\"https:\\\/\\\/www.malagne.be\\\/#organization\"},\"potentialAction\":[{\"@type\":\"SearchAction\",\"target\":{\"@type\":\"EntryPoint\",\"urlTemplate\":\"https:\\\/\\\/www.malagne.be\\\/?s={search_term_string}\"},\"query-input\":{\"@type\":\"PropertyValueSpecification\",\"valueRequired\":true,\"valueName\":\"search_term_string\"}}],\"inLanguage\":\"nl-NL\"},{\"@type\":\"Organization\",\"@id\":\"https:\\\/\\\/www.malagne.be\\\/#organization\",\"name\":\"Malagne - Arch\u00e9oparc de Rochefort\",\"url\":\"https:\\\/\\\/www.malagne.be\\\/\",\"logo\":{\"@type\":\"ImageObject\",\"inLanguage\":\"nl-NL\",\"@id\":\"https:\\\/\\\/www.malagne.be\\\/#\\\/schema\\\/logo\\\/image\\\/\",\"url\":\"https:\\\/\\\/www.malagne.be\\\/wp-content\\\/uploads\\\/2018\\\/12\\\/malagne-logo-malagne.png\",\"contentUrl\":\"https:\\\/\\\/www.malagne.be\\\/wp-content\\\/uploads\\\/2018\\\/12\\\/malagne-logo-malagne.png\",\"width\":3686,\"height\":1078,\"caption\":\"Malagne - Arch\u00e9oparc de Rochefort\"},\"image\":{\"@id\":\"https:\\\/\\\/www.malagne.be\\\/#\\\/schema\\\/logo\\\/image\\\/\"},\"sameAs\":[\"https:\\\/\\\/www.facebook.com\\\/malagne?locale=fr_FR\",\"https:\\\/\\\/www.instagram.com\\\/malagnearcheoparcderochefort\\\/?hl=fr\"]}]}<\/script>\n<!-- \/ Yoast SEO plugin. -->","yoast_head_json":{"title":"De gallo-romeinse belevenis - Malagne - Arch\u00e9oparc de Rochefort","description":"Alinoa est un framework qui vaut le coup d'oeil de part sa capacit\u00e9 \u00e0 bien faire les choses!","robots":{"index":"index","follow":"follow","max-snippet":"max-snippet:-1","max-image-preview":"max-image-preview:large","max-video-preview":"max-video-preview:-1"},"canonical":"https:\/\/www.malagne.be\/nl\/accueil\/","og_locale":"nl_NL","og_type":"article","og_title":"De gallo-romeinse belevenis - Malagne - Arch\u00e9oparc de Rochefort","og_description":"Alinoa est un framework qui vaut le coup d'oeil de part sa capacit\u00e9 \u00e0 bien faire les choses!","og_url":"https:\/\/www.malagne.be\/nl\/accueil\/","og_site_name":"Malagne - Arch\u00e9oparc de Rochefort","article_publisher":"https:\/\/www.facebook.com\/malagne?locale=fr_FR","article_modified_time":"2026-02-12T08:29:39+00:00","og_image":[{"url":"https:\/\/www.malagne.be\/wp-content\/uploads\/2018\/06\/malagne-logo-thumb.png","type":"","width":"","height":""}],"twitter_card":"summary_large_image","schema":{"@context":"https:\/\/schema.org","@graph":[{"@type":"WebPage","@id":"https:\/\/www.malagne.be\/nl\/accueil\/","url":"https:\/\/www.malagne.be\/nl\/accueil\/","name":"De gallo-romeinse belevenis - Malagne - Arch\u00e9oparc de Rochefort","isPartOf":{"@id":"https:\/\/www.malagne.be\/#website"},"primaryImageOfPage":{"@id":"https:\/\/www.malagne.be\/nl\/accueil\/#primaryimage"},"image":{"@id":"https:\/\/www.malagne.be\/nl\/accueil\/#primaryimage"},"thumbnailUrl":"https:\/\/www.malagne.be\/wp-content\/uploads\/2026\/02\/malagne-panorama-2022.jpg","datePublished":"2016-05-09T19:42:45+00:00","dateModified":"2026-02-12T08:29:39+00:00","description":"Alinoa est un framework qui vaut le coup d'oeil de part sa capacit\u00e9 \u00e0 bien faire les choses!","breadcrumb":{"@id":"https:\/\/www.malagne.be\/nl\/accueil\/#breadcrumb"},"inLanguage":"nl-NL","potentialAction":[{"@type":"ReadAction","target":["https:\/\/www.malagne.be\/nl\/accueil\/"]}]},{"@type":"ImageObject","inLanguage":"nl-NL","@id":"https:\/\/www.malagne.be\/nl\/accueil\/#primaryimage","url":"https:\/\/www.malagne.be\/wp-content\/uploads\/2026\/02\/malagne-panorama-2022.jpg","contentUrl":"https:\/\/www.malagne.be\/wp-content\/uploads\/2026\/02\/malagne-panorama-2022.jpg","width":1185,"height":290},{"@type":"BreadcrumbList","@id":"https:\/\/www.malagne.be\/nl\/accueil\/#breadcrumb","itemListElement":[{"@type":"ListItem","position":1,"name":"Home","item":"https:\/\/www.malagne.be\/nl\/accueil\/"},{"@type":"ListItem","position":2,"name":"De gallo-romeinse belevenis"}]},{"@type":"WebSite","@id":"https:\/\/www.malagne.be\/#website","url":"https:\/\/www.malagne.be\/","name":"Malagne - Arch\u00e9oparc de Rochefort","description":"&quot;Malagne, arch\u00e9oparc gallo-romain, parc d\u2019attraction arch\u00e9ologique, site de loisirs, de balade et de culture, mus\u00e9e vivant en plein air.","publisher":{"@id":"https:\/\/www.malagne.be\/#organization"},"potentialAction":[{"@type":"SearchAction","target":{"@type":"EntryPoint","urlTemplate":"https:\/\/www.malagne.be\/?s={search_term_string}"},"query-input":{"@type":"PropertyValueSpecification","valueRequired":true,"valueName":"search_term_string"}}],"inLanguage":"nl-NL"},{"@type":"Organization","@id":"https:\/\/www.malagne.be\/#organization","name":"Malagne - Arch\u00e9oparc de Rochefort","url":"https:\/\/www.malagne.be\/","logo":{"@type":"ImageObject","inLanguage":"nl-NL","@id":"https:\/\/www.malagne.be\/#\/schema\/logo\/image\/","url":"https:\/\/www.malagne.be\/wp-content\/uploads\/2018\/12\/malagne-logo-malagne.png","contentUrl":"https:\/\/www.malagne.be\/wp-content\/uploads\/2018\/12\/malagne-logo-malagne.png","width":3686,"height":1078,"caption":"Malagne - Arch\u00e9oparc de Rochefort"},"image":{"@id":"https:\/\/www.malagne.be\/#\/schema\/logo\/image\/"},"sameAs":["https:\/\/www.facebook.com\/malagne?locale=fr_FR","https:\/\/www.instagram.com\/malagnearcheoparcderochefort\/?hl=fr"]}]}},"_links":{"self":[{"href":"https:\/\/www.malagne.be\/nl\/wp-json\/wp\/v2\/pages\/960","targetHints":{"allow":["GET"]}}],"collection":[{"href":"https:\/\/www.malagne.be\/nl\/wp-json\/wp\/v2\/pages"}],"about":[{"href":"https:\/\/www.malagne.be\/nl\/wp-json\/wp\/v2\/types\/page"}],"author":[{"embeddable":true,"href":"https:\/\/www.malagne.be\/nl\/wp-json\/wp\/v2\/users\/1"}],"replies":[{"embeddable":true,"href":"https:\/\/www.malagne.be\/nl\/wp-json\/wp\/v2\/comments?post=960"}],"version-history":[{"count":4,"href":"https:\/\/www.malagne.be\/nl\/wp-json\/wp\/v2\/pages\/960\/revisions"}],"predecessor-version":[{"id":7224,"href":"https:\/\/www.malagne.be\/nl\/wp-json\/wp\/v2\/pages\/960\/revisions\/7224"}],"wp:featuredmedia":[{"embeddable":true,"href":"https:\/\/www.malagne.be\/nl\/wp-json\/wp\/v2\/media\/7163"}],"wp:attachment":[{"href":"https:\/\/www.malagne.be\/nl\/wp-json\/wp\/v2\/media?parent=960"}],"curies":[{"name":"wp","href":"https:\/\/api.w.org\/{rel}","templated":true}]}}